{"id":47,"date":"2023-08-24T22:27:27","date_gmt":"2023-08-24T22:27:27","guid":{"rendered":"https:\/\/stage.designzonic.com\/silvija\/?post_type=product&#038;p=47"},"modified":"2024-05-30T13:01:30","modified_gmt":"2024-05-30T13:01:30","slug":"location-guide-ortenaukreis","status":"publish","type":"product","link":"https:\/\/meine-hochzeit-mein-tag.de\/shop\/product\/location-guide-ortenaukreis\/","title":{"rendered":"Location-Guide Ortenaukreis"},"content":{"rendered":"<p>Ihr seid\u00a0<strong>auf der Suche<\/strong>\u00a0nach einer geeigneten\u00a0<strong>Location<\/strong>\u00a0f\u00fcr euren gro\u00dfen Tag?<\/p>\n<p>Keine Sorge, wir haben die\u00a0<strong>perfekte L\u00f6sung<\/strong>\u00a0f\u00fcr euch:<\/p>\n<p><strong>Unser brandneuer Location-Guide!<\/strong><\/p>\n<p>Wenn Ihr im\u00a0<strong>ORTENAUKREIS<\/strong>\u00a0oder Freudenstadt feiern m\u00f6chtet, bietet euch unser Location-Guide, mit\u00a0<strong>\u00fcber 470 gelisteten\u00a0Locationen<\/strong>, sortiert nach PLZ und mit dem Namen der Location aufgelistet, eine gro\u00dfe Auswahl<\/p>\n<p>Von romantischen Schl\u00f6ssern und idyllischen Landh\u00e4usern bis hin zu modernen Eventlocations, gem\u00fctlichen Restaurants, Festhallen oder Gemeindeh\u00e4usern \u2013 hier werdet ihr sicherlich die richtige Location f\u00fcr eure\u00a0<strong>Feier<\/strong>\u00a0finden.<\/p>\n<p>Unser Guide bietet euch nicht nur eine\u00a0<strong>umfangreiche Liste an Locations<\/strong>, sondern liefert auch\u00a0<strong>wertvolle Planungstipps<\/strong>, um die perfekte Wahl zu treffen.<\/p>\n<p>Euer Tag soll unvergesslich werden und die Location ist dabei ein entscheidender Faktor.<\/p>\n<p>Lasst euch von unserem Location-Guide\u00a0<strong>inspirieren\u00a0<\/strong>und findet die\u00a0<strong>Location<\/strong>,\u00a0<strong>die genau<\/strong>\u00a0zu euch und euren Vorstellungen\u00a0<strong>passt<\/strong>.<\/p>\n<p>Von\u00a0<strong>kleinen, intimen Locations<\/strong>\u00a0bis hin zu\u00a0<strong>gro\u00dfen Veranstaltungsr\u00e4umen<\/strong>, die Platz f\u00fcr ausgelassene Feiern bieten,\u00a0<strong>werdet ihr begeistert sein<\/strong>\u00a0von den M\u00f6glichkeiten, die euch diese bezaubernde Region bietet.<\/p>\n<p>Also z\u00f6gert nicht l\u00e4nger, werft einen Blick in unseren Location-Guide und findet die perfekte Location f\u00fcr eure Feier im\u00a0<strong>ORTENAUKREIS oder Freudenstadt<\/strong>.<\/p>\n<p>Wir freuen uns darauf, euch bei der Suche zu begleiten und euch bei der Realisierung eurer Feier zu unterst\u00fctzen.<\/p>\n","protected":false},"excerpt":{"rendered":"<p>*** <strong>GRATIS-GESCHENK<\/strong> ZU JEDER BUCHUNG \ud83d\udc97 W\u00c4HLE ZWISCHEN <strong>SEKTEMPFANG ODER NASCHBAR<\/strong> ALS PDF-DOWNLOAD ***<\/p>\n<p>Alle Preise inklusive 19% MwSt.<\/p>\n","protected":false},"featured_media":160,"comment_status":"open","ping_status":"closed","template":"","meta":[],"product_cat":[19],"product_tag":[],"class_list":["post-47","product","type-product","status-publish","has-post-thumbnail","hentry","product_cat-digital"],"_links":{"self":[{"href":"https:\/\/meine-hochzeit-mein-tag.de\/shop\/wp-json\/wp\/v2\/product\/47","targetHints":{"allow":["GET"]}}],"collection":[{"href":"https:\/\/meine-hochzeit-mein-tag.de\/shop\/wp-json\/wp\/v2\/product"}],"about":[{"href":"https:\/\/meine-hochzeit-mein-tag.de\/shop\/wp-json\/wp\/v2\/types\/product"}],"replies":[{"embeddable":true,"href":"https:\/\/meine-hochzeit-mein-tag.de\/shop\/wp-json\/wp\/v2\/comments?post=47"}],"wp:featuredmedia":[{"embeddable":true,"href":"https:\/\/meine-hochzeit-mein-tag.de\/shop\/wp-json\/wp\/v2\/media\/160"}],"wp:attachment":[{"href":"https:\/\/meine-hochzeit-mein-tag.de\/shop\/wp-json\/wp\/v2\/media?parent=47"}],"wp:term":[{"taxonomy":"product_cat","embeddable":true,"href":"https:\/\/meine-hochzeit-mein-tag.de\/shop\/wp-json\/wp\/v2\/product_cat?post=47"},{"taxonomy":"product_tag","embeddable":true,"href":"https:\/\/meine-hochzeit-mein-tag.de\/shop\/wp-json\/wp\/v2\/product_tag?post=47"}],"curies":[{"name":"wp","href":"https:\/\/api.w.org\/{rel}","templated":true}]}}