{"id":37,"date":"2023-08-24T22:17:27","date_gmt":"2023-08-24T22:17:27","guid":{"rendered":"https:\/\/stage.designzonic.com\/silvija\/?post_type=product&#038;p=37"},"modified":"2023-08-24T22:49:32","modified_gmt":"2023-08-24T22:49:32","slug":"hochzeitsplanungs-kurs","status":"publish","type":"product","link":"https:\/\/meine-hochzeit-mein-tag.de\/shop\/product\/hochzeitsplanungs-kurs\/","title":{"rendered":"Hochzeitsplanungs-Kurs"},"content":{"rendered":"<p><strong>Hochzeit ohne Stress selbst planen\u00a0<\/strong><\/p>\n<p>Du m\u00f6chtest eure\u00a0<strong>Hochzeit selbst planen<\/strong>, fragst dich aber, wie du das alles allein, mit dem vorhandenen Budget und\u00a0<strong>ohne Stress<\/strong>\u00a0schaffen sollst?<br \/>\nKeine Panik. Hier bist du genau richtig.<\/p>\n<p>Mit meinem Hochzeitsplanungs-Kurs<strong>\u00a0planst<\/strong>\u00a0du ganz\u00a0<strong>entspannt und ohne Stress\u00a0<\/strong>eure\u00a0<strong>Hochzeit<\/strong>\u00a0selbst.<br \/>\nDie\u00a0<strong>Schritt-f\u00fcr-Schritt Anleitung<\/strong>\u00a0im Online Kurs, l\u00e4sst dich alle Herausforderungen w\u00e4hrend deiner\u00a0<strong>Hochzeitsplanung<\/strong>\u00a0mit Leichtigkeit und ohne Panikmomente meistern.<\/p>\n<p><strong>Du erh\u00e4ltst: <\/strong><\/p>\n<p>Ab jetzt Zugriff auf alle Inhalte des Online Kurses mit Schritt-f\u00fcr-Schritt Anleitung um eure Hochzeit selbst zu planen.<\/p>\n<ul>\n<li>37 Planungstage in 5 Modulen. <strong>Alles was du<\/strong> f\u00fcr die Planung eurer Hochzeit <strong>ben\u00f6tigst.<\/strong><\/li>\n<li>Hochzeitsplanung Checklisten &amp; Downloads<\/li>\n<li>Alle Themen, Tipps und Informationen als PDF und Audiodatei<\/li>\n<li>Austausch mit anderen Br\u00e4uten in der Bride Time Facebookgruppe<\/li>\n<li>Support auf Wunsch &#8211; die M\u00f6glichkeit zus\u00e4tzliche, gemeinsame Planungszeit zu buchen.<\/li>\n<\/ul>\n<p><strong>Der Hochzeitsplanungs-Kurs ist das Richtige f\u00fcr dich, wenn:<\/strong><\/p>\n<ul>\n<li>Du eure\u00a0<strong>Hochzeit ohne Stress selbst planen<\/strong>\u00a0m\u00f6chtest<\/li>\n<li>Du dich f\u00fcr die Planung deiner\u00a0<strong>Traumhochzeit\u00a0gut vorbereitet<\/strong>\u00a0und\u00a0<strong>sicher f\u00fchlen<\/strong>\u00a0willst<\/li>\n<li>Du eure\u00a0<strong>Hochzeit<\/strong>\u00a0entspannt\u00a0<strong>in deinem Tempo planen<\/strong>\u00a0m\u00f6chtest<\/li>\n<li>Du\u00a0<strong>selbstbewusst<\/strong>\u00a0und voller Freude in die\u00a0<strong>Verhandlungen mit Dienstleistern<\/strong>\u00a0gehen willst<\/li>\n<li>Du den\u00a0<strong>\u00dcberblick<\/strong>\u00a0behalten m\u00f6chtest und euer\u00a0<strong>Budget einhalten<\/strong>\u00a0willst<\/li>\n<li>Du\u00a0<strong>Inspiration<\/strong>\u00a0und\u00a0<strong>kreative M\u00f6glichkeiten<\/strong>\u00a0f\u00fcr eure Hochzeit suchst<\/li>\n<li>Du frisch verlobt bist<\/li>\n<li>Schon standesamtlich verheiratet bist und die freie- oder kirchliche Trauung planst<\/li>\n<li>Noch am Anfang deiner Planung stehst<\/li>\n<li>Schon mitten in der Planung steckst<\/li>\n<\/ul>\n<p><strong>Mit dem Hochzeitsplanungs-Kurs helfe ich dir dabei:<\/strong><\/p>\n<ul>\n<li>ein genaues Bild von eurem Hochzeitstag zu entwickeln und eure <strong>W\u00fcnsche<\/strong> zu <strong>erkennen<\/strong><\/li>\n<li>Schritt f\u00fcr Schritt, <strong>ohne Stress<\/strong> und <strong>mit viel Spa\u00df<\/strong> eure Hochzeit, wie ein professioneller Hochzeitsplaner, zu planen<\/li>\n<li><strong>Familie und Freunde<\/strong> als Helfer und Unterst\u00fctzer individuell in eure Hochzeit <strong>einzubinden<\/strong><\/li>\n<li>eine Hochzeit zu erschaffen, die euch als Paar widerspiegelt und <strong>100 %<\/strong> zu euch <strong>passt<\/strong><\/li>\n<li>zu lernen, wie du selbstbewusst und klar deine W\u00fcnsche gegen\u00fcber Dienstleistern wie z.B. DJ, Fotograf*in, Location, Trauredner \u2026 kommunizierst<\/li>\n<\/ul>\n<p>&nbsp;<\/p>\n<p>Auch wenn du mit dem Kurs ganz bestimmt super alleine vorankommen wirst, kannst du bei Notf\u00e4llen und f\u00fcr all deine Fragen jederzeit zus\u00e4tzliche, pers\u00f6nliche <strong>Planungszeiten<\/strong>\u00a0buchen.<\/p>\n<p>Gerne unterst\u00fctze ich dich, in dieser wunderbaren Zeit der\u00a0<strong>Vorfreude auf eure Traumhochzeit<\/strong>.<\/p>\n<p><strong>Das sagen gl\u00fcckliche Br\u00e4ute:<\/strong><\/p>\n<p><strong>Braut Lisa S.\u00a0<\/strong>\u2b50\u2b50\u2b50\u2b50\u2b50 Ich denke \u00fcber die Hochzeit schon viel entspannter und bin auch sehr froh dar\u00fcber, da ich immer dachte, dass das so eine Riesen Aufgabe wird unsere Hochzeit selbst zu planen. Ich bin SEHR froh jemand wie die ganzen Br\u00e4ute und nat\u00fcrlich dich an meiner Seite gehabt zu haben.<\/p>\n<p><strong>Alexandra K.\u00a0<\/strong>\u2b50\u2b50\u2b50\u2b50\u2b50 Der Onlinekurs hat mir Struktur gegeben. Ich habe alle Dateien in einem Ordner gesammelt. Dieser Ordner ist die Grundlage meiner ganzen Planung. Silvija kann man jederzeit alles fragen und man bekommt wertvolle Antworten. Der Austausch mit den anderen Br\u00e4uten hat mich auch immer wieder zu neuen Ideen oder zu &#8220;zu beachtende Herausforderungen&#8221; gef\u00fchrt. Die Audios zu jedem Thema sind umfangreich und ehrlich. Das wichtigste ist jedoch, dass hier niemand etwas verkaufen will, sondern dass ein Profi mit Herzblut an eine Sache glaub und f\u00fcr sie lebt. Was mich sehr gest\u00e4rkt hat war: MEINE Hochzeit, MEINE W\u00fcnsche, MEINE Vorstellungen! Es gibt kein Richtig und Falsch. Und ganz wichtig, man muss es niemandem recht machen. Lass die neugierigen Verwandten nicht allzu viel wissen, dann k\u00f6nnen sie dir auch nicht reinreden\u2026 Danke Silvija.<br \/>\n<strong><br \/>\n<\/strong><strong>Madita F.<\/strong>\u00a0\u2b50\u2b50\u2b50\u2b50\u2b50 Der Kurs war sehr hilfreich. Entweder wurde ich in meinen Entscheidungen best\u00e4tigt oder ich habe Dinge gelernt, die ich vorher nicht auf dem Schirm hatte. Ich konnte entspannt in die Gespr\u00e4che mit den Dienstleistern gehen, da ich wusste, welche Fragen ich zu stellen habe. Wir wurden sogar von der Kontaktperson der Location gelobt, wie gut vorbereitet wir doch w\u00e4ren.<\/p>\n<p><strong>Hochzeitsplanungs-Kurs &#8211; FAQ:<\/strong><\/p>\n<p><strong>Wann kann ich meine Hochzeitsplanung starten?<\/strong><br \/>\nJetzt, sofort.<\/p>\n<p><strong>Wie viel Zeit muss ich f\u00fcr die Planung meiner Hochzeit einrechnen?<\/strong><br \/>\nDa gibt es keine genaue Vorgabe, gerade weil jede Hochzeit einzigartig ist. Du kannst den Kurs komplett flexibel in deinem eigenen Tempo durcharbeiten. Wenn du pro Woche ein Thema angehst, ben\u00f6tigst du insgesamt 12 Monate. Du kannst nat\u00fcrlich auch mehrere Themen pro Woche abschlie\u00dfen. Es liegt an dir, wieviel Zeit du wann einbringst und wie flexibel du bist.<\/p>\n<p><strong>Wie lange habe ich Zugriff auf die Kurs-Inhalte?<\/strong><br \/>\nDu hast ab sofort Zugriff auf alle Kursinhalte und kannst die einzelnen Module so oft wie du m\u00f6chtest ansehen und anh\u00f6ren.<\/p>\n<p><strong><u>\u00a0<\/u><\/strong><\/p>\n<p><strong><u>Wichtig:<\/u><\/strong> <strong>Copyright!<\/strong><\/p>\n<p>Die Inhalte dieses Hochzeitsplanungs-Kurses sind urheberrechtlich gesch\u00fctzt und ausschlie\u00dflich zum pers\u00f6nlichen Gebrauch bestimmt. Verbreitung nur mit Genehmigung von Silvija Grbavac.<\/p>\n","protected":false},"excerpt":{"rendered":"<p>*** <strong>GRATIS-GESCHENK<\/strong> ZU JEDER BUCHUNG \ud83d\udc97 W\u00c4HLE ZWISCHEN <strong>SEKTEMPFANG ODER NASCHBAR<\/strong> ALS PDF-DOWNLOAD ***<\/p>\n<p>Alle Preise inklusive 19% MwSt.<\/p>\n","protected":false},"featured_media":38,"comment_status":"open","ping_status":"closed","template":"","meta":[],"product_cat":[20],"product_tag":[],"class_list":["post-37","product","type-product","status-publish","has-post-thumbnail","hentry","product_cat-kurs"],"_links":{"self":[{"href":"https:\/\/meine-hochzeit-mein-tag.de\/shop\/wp-json\/wp\/v2\/product\/37","targetHints":{"allow":["GET"]}}],"collection":[{"href":"https:\/\/meine-hochzeit-mein-tag.de\/shop\/wp-json\/wp\/v2\/product"}],"about":[{"href":"https:\/\/meine-hochzeit-mein-tag.de\/shop\/wp-json\/wp\/v2\/types\/product"}],"replies":[{"embeddable":true,"href":"https:\/\/meine-hochzeit-mein-tag.de\/shop\/wp-json\/wp\/v2\/comments?post=37"}],"wp:featuredmedia":[{"embeddable":true,"href":"https:\/\/meine-hochzeit-mein-tag.de\/shop\/wp-json\/wp\/v2\/media\/38"}],"wp:attachment":[{"href":"https:\/\/meine-hochzeit-mein-tag.de\/shop\/wp-json\/wp\/v2\/media?parent=37"}],"wp:term":[{"taxonomy":"product_cat","embeddable":true,"href":"https:\/\/meine-hochzeit-mein-tag.de\/shop\/wp-json\/wp\/v2\/product_cat?post=37"},{"taxonomy":"product_tag","embeddable":true,"href":"https:\/\/meine-hochzeit-mein-tag.de\/shop\/wp-json\/wp\/v2\/product_tag?post=37"}],"curies":[{"name":"wp","href":"https:\/\/api.w.org\/{rel}","templated":true}]}}