{"id":32,"date":"2023-08-24T22:11:58","date_gmt":"2023-08-24T22:11:58","guid":{"rendered":"https:\/\/stage.designzonic.com\/silvija\/?post_type=product&#038;p=32"},"modified":"2024-03-18T16:54:36","modified_gmt":"2024-03-18T16:54:36","slug":"digitale-hochzeits-checkliste","status":"publish","type":"product","link":"https:\/\/meine-hochzeit-mein-tag.de\/shop\/product\/digitale-hochzeits-checkliste\/","title":{"rendered":"Digitale Hochzeits-Checkliste"},"content":{"rendered":"<p>Hallo, wie du ja wei\u00dft, bin ich schon viele Jahre Hochzeitsplanerin und das ist meine Hochzeitsplanung-Checkliste f\u00fcr Paare.<\/p>\n<p>Aufgrund dieser Liste l\u00e4sst sich vieles ausschlie\u00dfen, und sie bietet euch gleichzeitig einen ersten \u00dcberblick, was unter anderem alles auf euch zukommt.<\/p>\n<p>Heute erh\u00e4ltst auch du meine pers\u00f6nliche Hochzeitsplaner-Checkliste!<\/p>\n<p>Diese Liste hat nichts mit dem Ablauf des Planungs-Kurses zu tun.<\/p>\n<p>Es ist die Original-Liste, die ich selbst bei der klassischen Hochzeitsplanung nutze.<\/p>\n<p>Jetzt habt auch Ihr sie \u2013 nutze sie, um einen ersten Einblick in die Hochzeitsplanung zu bekommen.<\/p>\n<p>Meine Empfehlung:<\/p>\n<ul>\n<li>druckt die Liste 2 x aus<\/li>\n<li>f\u00fcllt diese unabh\u00e4ngig voneinander aus und<\/li>\n<li>vergleicht danach miteinander<\/li>\n<\/ul>\n<p>Ich hatte bisher noch kein Paar, bei dem sich nach dem Ausf\u00fcllen und Vergleichen der Liste keine Fragen oder Diskussionen ergeben h\u00e4tten. Sicher habt ihr einige der Punkte schon angesprochen und diskutiert, doch nicht so komplett und \u00fcbersichtlich.<\/p>\n<p>Alles einmal vor sich liegen zu sehen ist doch nochmal etwas ganz anderes. Wartet nicht zu lange damit \u2026 vielleicht habt ihr schon heute Abend Zeit, euch mit einem Gl\u00e4schen Wein, einer Tasse Tee oder auch einem Bierchen hinzusetzten und dies gemeinsam zu erledigen!<\/p>\n<p>Alles Liebe und viel Freude bei der Hochzeitsplanung<\/p>\n<p>Silvija<\/p>\n","protected":false},"excerpt":{"rendered":"<p>***\u00a0<strong>GRATIS-GESCHENK<\/strong>\u00a0ZU JEDER BUCHUNG\u00a0\ud83d\udc97\u00a0W\u00c4HLE ZWISCHEN\u00a0<strong>SEKTEMPFANG ODER NASCHBAR<\/strong>\u00a0ALS PDF-DOWNLOAD ***<\/p>\n<p>Alle Preise inklusive 19% MwSt.<\/p>\n","protected":false},"featured_media":34,"comment_status":"open","ping_status":"closed","template":"","meta":[],"product_cat":[19],"product_tag":[],"class_list":["post-32","product","type-product","status-publish","has-post-thumbnail","hentry","product_cat-digital"],"_links":{"self":[{"href":"https:\/\/meine-hochzeit-mein-tag.de\/shop\/wp-json\/wp\/v2\/product\/32","targetHints":{"allow":["GET"]}}],"collection":[{"href":"https:\/\/meine-hochzeit-mein-tag.de\/shop\/wp-json\/wp\/v2\/product"}],"about":[{"href":"https:\/\/meine-hochzeit-mein-tag.de\/shop\/wp-json\/wp\/v2\/types\/product"}],"replies":[{"embeddable":true,"href":"https:\/\/meine-hochzeit-mein-tag.de\/shop\/wp-json\/wp\/v2\/comments?post=32"}],"wp:featuredmedia":[{"embeddable":true,"href":"https:\/\/meine-hochzeit-mein-tag.de\/shop\/wp-json\/wp\/v2\/media\/34"}],"wp:attachment":[{"href":"https:\/\/meine-hochzeit-mein-tag.de\/shop\/wp-json\/wp\/v2\/media?parent=32"}],"wp:term":[{"taxonomy":"product_cat","embeddable":true,"href":"https:\/\/meine-hochzeit-mein-tag.de\/shop\/wp-json\/wp\/v2\/product_cat?post=32"},{"taxonomy":"product_tag","embeddable":true,"href":"https:\/\/meine-hochzeit-mein-tag.de\/shop\/wp-json\/wp\/v2\/product_tag?post=32"}],"curies":[{"name":"wp","href":"https:\/\/api.w.org\/{rel}","templated":true}]}}